{"id":9,"date":"2022-05-16T21:13:16","date_gmt":"2022-05-16T19:13:16","guid":{"rendered":"https:\/\/www.secondchance.sk\/?page_id=9"},"modified":"2022-05-16T21:13:16","modified_gmt":"2022-05-16T19:13:16","slug":"portofolio","status":"publish","type":"page","link":"https:\/\/www.secondchance.sk\/?page_id=9","title":{"rendered":"Portofolio"},"content":{"rendered":"\n<div class=\"wp-block-cover alignfull has-nv-site-bg-background-color has-background-dim\" style=\"min-height:300px\"><div class=\"wp-block-cover__inner-container\">\n<div class=\"wp-container-1 wp-block-group\"><div class=\"wp-block-group__inner-container\">\n<h1 class=\"has-text-align-left has-neve-text-color-color has-text-color\">Portfolio<\/h1>\n<\/div><\/div>\n<\/div><\/div>\n\n\n\n<div class=\"wp-block-cover alignfull has-nv-light-bg-background-color has-background-dim\" style=\"min-height:600px\"><div class=\"wp-block-cover__inner-container\">\n<div class=\"wp-container-4 wp-block-group\"><div class=\"wp-block-group__inner-container\">\n<div style=\"height:80px\" aria-hidden=\"true\" class=\"wp-block-spacer\"><\/div>\n\n\n\n<div class=\"wp-block-columns are-vertically-aligned-center\">\n<div class=\"wp-block-column is-vertically-aligned-center\" style=\"flex-basis:50%\">\n<figure class=\"wp-block-image \"><img src=\"https:\/\/www.secondchance.sk\/wp-content\/themes\/neve\/assets\/img\/starter-content\/card-05.jpg\" alt=\"\" \/><\/figure>\n\n\n\n<h3 class=\"has-text-align-center has-neve-text-color-color has-text-color\">Buzz Website<\/h3>\n\n\n\n<p class=\"has-text-align-center has-neve-text-color-color has-text-color\">Lorem ipsum dolor sit amet, consectetur adipiscing elit. Ut elit tellus, luctus nec ullamcorper mattis.<\/p>\n\n\n\n<div class=\"wp-container-2 wp-block-buttons aligncenter\">\n<div class=\"wp-block-button is-style-primary\"><a class=\"wp-block-button__link\" href=\"#\">PROJECT DETAILS<\/a><\/div>\n<\/div>\n\n\n\n<div style=\"height:40px\" aria-hidden=\"true\" class=\"wp-block-spacer\"><\/div>\n<\/div>\n\n\n\n<div class=\"wp-block-column is-vertically-aligned-center\" style=\"flex-basis:50%\">\n<figure class=\"wp-block-image\"><img src=\"https:\/\/www.secondchance.sk\/wp-content\/themes\/neve\/assets\/img\/starter-content\/card-01.jpg\" alt=\"\" \/><\/figure>\n\n\n\n<h3 class=\"has-text-align-center has-neve-text-color-color has-text-color\">Branding for Chatoue<\/h3>\n\n\n\n<p class=\"has-text-align-center has-neve-text-color-color has-text-color\">Lorem ipsum dolor sit amet, consectetur adipiscing elit. Ut elit tellus, luctus nec ullamcorper mattis.<\/p>\n\n\n\n<div class=\"wp-container-3 wp-block-buttons aligncenter\">\n<div class=\"wp-block-button is-style-primary\"><a class=\"wp-block-button__link\" href=\"#\">PROJECT DETAILS<\/a><\/div>\n<\/div>\n\n\n\n<div style=\"height:40px\" aria-hidden=\"true\" class=\"wp-block-spacer\"><\/div>\n<\/div>\n<\/div>\n\n\n\n<div style=\"height:40px\" aria-hidden=\"true\" class=\"wp-block-spacer\"><\/div>\n<\/div><\/div>\n<\/div><\/div>\n\n\n\n<div class=\"wp-block-cover alignfull has-nv-site-bg-background-color has-background-dim\" style=\"min-height:600px\"><div class=\"wp-block-cover__inner-container\">\n<div class=\"wp-container-7 wp-block-group\"><div class=\"wp-block-group__inner-container\">\n<div style=\"height:80px\" aria-hidden=\"true\" class=\"wp-block-spacer\"><\/div>\n\n\n\n<div class=\"wp-block-columns are-vertically-aligned-center\">\n<div class=\"wp-block-column is-vertically-aligned-center\" style=\"flex-basis:50%\">\n<figure class=\"wp-block-image\"><img src=\"https:\/\/www.secondchance.sk\/wp-content\/themes\/neve\/assets\/img\/starter-content\/card-06.jpg\" alt=\"\" \/><\/figure>\n\n\n\n<h3 class=\"has-text-align-center has-neve-text-color-color has-text-color\">IMB Internal Website<\/h3>\n\n\n\n<p class=\"has-text-align-center has-neve-text-color-color has-text-color\">Lorem ipsum dolor sit amet, consectetur adipiscing elit. Ut elit tellus, luctus nec ullamcorper mattis.<\/p>\n\n\n\n<div class=\"wp-container-5 wp-block-buttons aligncenter\">\n<div class=\"wp-block-button is-style-primary\"><a class=\"wp-block-button__link\" href=\"#\">PROJECT DETAILS<\/a><\/div>\n<\/div>\n\n\n\n<div style=\"height:40px\" aria-hidden=\"true\" class=\"wp-block-spacer\"><\/div>\n<\/div>\n\n\n\n<div class=\"wp-block-column is-vertically-aligned-center\" style=\"flex-basis:50%\">\n<figure class=\"wp-block-image\"><img src=\"https:\/\/www.secondchance.sk\/wp-content\/themes\/neve\/assets\/img\/starter-content\/card-04.jpg\" alt=\"\"\/><\/figure>\n\n\n\n<h3 class=\"has-text-align-center has-neve-text-color-color has-text-color\">Social App<\/h3>\n\n\n\n<p class=\"has-text-align-center has-neve-text-color-color has-text-color\">Lorem ipsum dolor sit amet, consectetur adipiscing elit. Ut elit tellus, luctus nec ullamcorper mattis.<\/p>\n\n\n\n<div class=\"wp-container-6 wp-block-buttons aligncenter\">\n<div class=\"wp-block-button is-style-primary\"><a class=\"wp-block-button__link\" href=\"#\">PROJECT DETAILS<\/a><\/div>\n<\/div>\n\n\n\n<div style=\"height:40px\" aria-hidden=\"true\" class=\"wp-block-spacer\"><\/div>\n<\/div>\n<\/div>\n\n\n\n<div style=\"height:40px\" aria-hidden=\"true\" class=\"wp-block-spacer\"><\/div>\n<\/div><\/div>\n<\/div><\/div>\n\n\n\n<div class=\"wp-block-cover alignfull has-nv-dark-bg-background-color has-background-dim\" style=\"min-height:300px\"><div class=\"wp-block-cover__inner-container\">\n<div style=\"height:80px\" aria-hidden=\"true\" class=\"wp-block-spacer\"><\/div>\n\n\n<div class=\"wp-block-image is-style-rounded\"><figure class=\"aligncenter is-resized\"><img loading=\"lazy\" src=\"https:\/\/www.secondchance.sk\/wp-content\/themes\/neve\/assets\/img\/starter-content\/team-03.jpg\" alt=\"\" width=\"80\" height=\"80\"\/><\/figure><\/div>\n\n\n\n\n<p class=\"has-text-align-center has-nv-text-dark-bg-color has-text-color\">\u201cWhat is the point of being alive if you don\u2019t at least <br>try to do something remarkable?\u201d<\/p>\n\n\n\n<p class=\"has-text-align-center has-nv-text-dark-bg-color has-text-color\" style=\"font-size:14px\">JANET MORRIS<\/p>\n\n\n\n<div style=\"height:80px\" aria-hidden=\"true\" class=\"wp-block-spacer\"><\/div>\n<\/div><\/div>\n","protected":false},"excerpt":{"rendered":"","protected":false},"author":1,"featured_media":0,"parent":0,"menu_order":0,"comment_status":"closed","ping_status":"closed","template":"","meta":{"_monsterinsights_skip_tracking":false,"_monsterinsights_sitenote_active":false,"_monsterinsights_sitenote_note":"","_monsterinsights_sitenote_category":0,"neve_meta_sidebar":"","neve_meta_container":"","neve_meta_enable_content_width":"on","neve_meta_content_width":100,"neve_meta_title_alignment":"","neve_meta_author_avatar":"","neve_post_elements_order":"","neve_meta_disable_header":"","neve_meta_disable_footer":"","neve_meta_disable_title":"on"},"yoast_head":"<!-- This site is optimized with the Yoast SEO plugin v18.8 - https:\/\/yoast.com\/wordpress\/plugins\/seo\/ -->\n<title>Portofolio - Web Agency Demo 1<\/title>\n<meta name=\"robots\" content=\"index, follow, max-snippet:-1, max-image-preview:large, max-video-preview:-1\" \/>\n<link rel=\"canonical\" href=\"https:\/\/www.secondchance.sk\/?page_id=9\" \/>\n<meta property=\"og:locale\" content=\"sk_SK\" \/>\n<meta property=\"og:type\" content=\"article\" \/>\n<meta property=\"og:title\" content=\"Portofolio - Web Agency Demo 1\" \/>\n<meta property=\"og:url\" content=\"https:\/\/www.secondchance.sk\/?page_id=9\" \/>\n<meta property=\"og:site_name\" content=\"Web Agency Demo 1\" \/>\n<meta property=\"og:image\" content=\"https:\/\/www.secondchance.sk\/wp-content\/themes\/neve\/assets\/img\/starter-content\/card-05.jpg\" \/>\n<meta name=\"twitter:card\" content=\"summary_large_image\" \/>\n<script type=\"application\/ld+json\" class=\"yoast-schema-graph\">{\"@context\":\"https:\/\/schema.org\",\"@graph\":[{\"@type\":\"WebSite\",\"@id\":\"https:\/\/www.secondchance.sk\/#website\",\"url\":\"https:\/\/www.secondchance.sk\/\",\"name\":\"Web Agency Demo 1\",\"description\":\"Len \u010fal\u0161ia WordPress str\u00e1nka\",\"potentialAction\":[{\"@type\":\"SearchAction\",\"target\":{\"@type\":\"EntryPoint\",\"urlTemplate\":\"https:\/\/www.secondchance.sk\/?s={search_term_string}\"},\"query-input\":\"required name=search_term_string\"}],\"inLanguage\":\"sk-SK\"},{\"@type\":\"ImageObject\",\"inLanguage\":\"sk-SK\",\"@id\":\"https:\/\/www.secondchance.sk\/?page_id=9#primaryimage\",\"url\":\"https:\/\/www.secondchance.sk\/wp-content\/themes\/neve\/assets\/img\/starter-content\/card-05.jpg\",\"contentUrl\":\"https:\/\/www.secondchance.sk\/wp-content\/themes\/neve\/assets\/img\/starter-content\/card-05.jpg\"},{\"@type\":\"WebPage\",\"@id\":\"https:\/\/www.secondchance.sk\/?page_id=9#webpage\",\"url\":\"https:\/\/www.secondchance.sk\/?page_id=9\",\"name\":\"Portofolio - Web Agency Demo 1\",\"isPartOf\":{\"@id\":\"https:\/\/www.secondchance.sk\/#website\"},\"primaryImageOfPage\":{\"@id\":\"https:\/\/www.secondchance.sk\/?page_id=9#primaryimage\"},\"datePublished\":\"2022-05-16T19:13:16+00:00\",\"dateModified\":\"2022-05-16T19:13:16+00:00\",\"breadcrumb\":{\"@id\":\"https:\/\/www.secondchance.sk\/?page_id=9#breadcrumb\"},\"inLanguage\":\"sk-SK\",\"potentialAction\":[{\"@type\":\"ReadAction\",\"target\":[\"https:\/\/www.secondchance.sk\/?page_id=9\"]}]},{\"@type\":\"BreadcrumbList\",\"@id\":\"https:\/\/www.secondchance.sk\/?page_id=9#breadcrumb\",\"itemListElement\":[{\"@type\":\"ListItem\",\"position\":1,\"name\":\"Home\",\"item\":\"https:\/\/www.secondchance.sk\/?page_id=6\"},{\"@type\":\"ListItem\",\"position\":2,\"name\":\"Portofolio\"}]}]}<\/script>\n<!-- \/ Yoast SEO plugin. -->","yoast_head_json":{"title":"Portofolio - Web Agency Demo 1","robots":{"index":"index","follow":"follow","max-snippet":"max-snippet:-1","max-image-preview":"max-image-preview:large","max-video-preview":"max-video-preview:-1"},"canonical":"https:\/\/www.secondchance.sk\/?page_id=9","og_locale":"sk_SK","og_type":"article","og_title":"Portofolio - Web Agency Demo 1","og_url":"https:\/\/www.secondchance.sk\/?page_id=9","og_site_name":"Web Agency Demo 1","og_image":[{"url":"https:\/\/www.secondchance.sk\/wp-content\/themes\/neve\/assets\/img\/starter-content\/card-05.jpg"}],"twitter_card":"summary_large_image","schema":{"@context":"https:\/\/schema.org","@graph":[{"@type":"WebSite","@id":"https:\/\/www.secondchance.sk\/#website","url":"https:\/\/www.secondchance.sk\/","name":"Web Agency Demo 1","description":"Len \u010fal\u0161ia WordPress str\u00e1nka","potentialAction":[{"@type":"SearchAction","target":{"@type":"EntryPoint","urlTemplate":"https:\/\/www.secondchance.sk\/?s={search_term_string}"},"query-input":"required name=search_term_string"}],"inLanguage":"sk-SK"},{"@type":"ImageObject","inLanguage":"sk-SK","@id":"https:\/\/www.secondchance.sk\/?page_id=9#primaryimage","url":"https:\/\/www.secondchance.sk\/wp-content\/themes\/neve\/assets\/img\/starter-content\/card-05.jpg","contentUrl":"https:\/\/www.secondchance.sk\/wp-content\/themes\/neve\/assets\/img\/starter-content\/card-05.jpg"},{"@type":"WebPage","@id":"https:\/\/www.secondchance.sk\/?page_id=9#webpage","url":"https:\/\/www.secondchance.sk\/?page_id=9","name":"Portofolio - Web Agency Demo 1","isPartOf":{"@id":"https:\/\/www.secondchance.sk\/#website"},"primaryImageOfPage":{"@id":"https:\/\/www.secondchance.sk\/?page_id=9#primaryimage"},"datePublished":"2022-05-16T19:13:16+00:00","dateModified":"2022-05-16T19:13:16+00:00","breadcrumb":{"@id":"https:\/\/www.secondchance.sk\/?page_id=9#breadcrumb"},"inLanguage":"sk-SK","potentialAction":[{"@type":"ReadAction","target":["https:\/\/www.secondchance.sk\/?page_id=9"]}]},{"@type":"BreadcrumbList","@id":"https:\/\/www.secondchance.sk\/?page_id=9#breadcrumb","itemListElement":[{"@type":"ListItem","position":1,"name":"Home","item":"https:\/\/www.secondchance.sk\/?page_id=6"},{"@type":"ListItem","position":2,"name":"Portofolio"}]}]}},"_links":{"self":[{"href":"https:\/\/www.secondchance.sk\/index.php?rest_route=\/wp\/v2\/pages\/9"}],"collection":[{"href":"https:\/\/www.secondchance.sk\/index.php?rest_route=\/wp\/v2\/pages"}],"about":[{"href":"https:\/\/www.secondchance.sk\/index.php?rest_route=\/wp\/v2\/types\/page"}],"author":[{"embeddable":true,"href":"https:\/\/www.secondchance.sk\/index.php?rest_route=\/wp\/v2\/users\/1"}],"replies":[{"embeddable":true,"href":"https:\/\/www.secondchance.sk\/index.php?rest_route=%2Fwp%2Fv2%2Fcomments&post=9"}],"version-history":[{"count":1,"href":"https:\/\/www.secondchance.sk\/index.php?rest_route=\/wp\/v2\/pages\/9\/revisions"}],"predecessor-version":[{"id":16,"href":"https:\/\/www.secondchance.sk\/index.php?rest_route=\/wp\/v2\/pages\/9\/revisions\/16"}],"wp:attachment":[{"href":"https:\/\/www.secondchance.sk\/index.php?rest_route=%2Fwp%2Fv2%2Fmedia&parent=9"}],"curies":[{"name":"wp","href":"https:\/\/api.w.org\/{rel}","templated":true}]}}