{"id":7,"date":"2022-05-16T21:13:16","date_gmt":"2022-05-16T19:13:16","guid":{"rendered":"https:\/\/www.secondchance.sk\/?page_id=7"},"modified":"2022-05-16T21:13:16","modified_gmt":"2022-05-16T19:13:16","slug":"about","status":"publish","type":"page","link":"https:\/\/www.secondchance.sk\/?page_id=7","title":{"rendered":"About"},"content":{"rendered":"\n<div class=\"wp-block-cover alignfull has-nv-site-bg-background-color has-background-dim\" style=\"min-height:300px\"><div class=\"wp-block-cover__inner-container\">\n<div class=\"wp-container-1 wp-block-group\"><div class=\"wp-block-group__inner-container\">\n<h1 class=\"has-text-align-left has-neve-text-color-color has-text-color\">About Us<\/h1>\n<\/div><\/div>\n<\/div><\/div>\n\n\n\n<div class=\"wp-block-cover alignfull has-nv-light-bg-background-color has-background-dim\" style=\"min-height:600px\"><div class=\"wp-block-cover__inner-container\">\n<div class=\"wp-container-2 wp-block-group\"><div class=\"wp-block-group__inner-container\">\n<div style=\"height:80px\" aria-hidden=\"true\" class=\"wp-block-spacer\"><\/div>\n\n\n\n<div class=\"wp-block-columns are-vertically-aligned-center\">\n<div class=\"wp-block-column is-vertically-aligned-center\" style=\"flex-basis:50%\">\n<figure class=\"wp-block-image size-large\"><img src=\"https:\/\/www.secondchance.sk\/wp-content\/themes\/neve\/assets\/img\/starter-content\/card-06.jpg\" alt=\"\"\/><\/figure>\n<\/div>\n\n\n\n<div class=\"wp-block-column is-vertically-aligned-center\" style=\"flex-basis:50%\">\n<h2 class=\"has-neve-text-color-color has-text-color\">Our Story<\/h2>\n\n\n\n<p class=\"has-neve-text-color-color has-text-color has-medium-font-size\">Are there any leftovers in the kitchen? what are the expectations but technologically savvy.<\/p>\n\n\n\n<p class=\"has-neve-text-color-color has-text-color\">Quick sync new economy onward and upward, productize the deliverables and focus on the bottom line high touch client we need to have a Come to Jesus meeting with Phil about his attitude, so where the metal hits the meat best.<\/p>\n<\/div>\n<\/div>\n\n\n\n<div style=\"height:40px\" aria-hidden=\"true\" class=\"wp-block-spacer\"><\/div>\n<\/div><\/div>\n<\/div><\/div>\n\n\n\n<div class=\"wp-block-cover alignfull has-nv-dark-bg-background-color has-background-dim\" style=\"min-height:600px\"><div class=\"wp-block-cover__inner-container\">\n<div class=\"wp-container-4 wp-block-group\"><div class=\"wp-block-group__inner-container\">\n<div style=\"height:80px\" aria-hidden=\"true\" class=\"wp-block-spacer\"><\/div>\n\n\n\n<div class=\"wp-block-columns are-vertically-aligned-center\">\n<div class=\"wp-block-column is-vertically-aligned-center\" style=\"flex-basis:50%\">\n<h2 class=\"has-nv-text-dark-bg-color has-text-color\">We are driven by values<\/h2>\n\n\n\n<p class=\"has-nv-text-dark-bg-color has-text-color\">Lorem ipsum dolor sit amet, consectetur adipiscing elit. Ut elit tellus, luctus nec ullamcorper mattis, pulvinar dapibus leo. Line high touch client we need to have a Come to Jesus meeting with Phil about his attitude, so where the.<\/p>\n\n\n\n<div style=\"height:20px\" aria-hidden=\"true\" class=\"wp-block-spacer\"><\/div>\n\n\n\n<div class=\"wp-container-3 wp-block-buttons\">\n<div class=\"wp-block-button is-style-primary\"><a class=\"wp-block-button__link\" href=\"#\">LET\u2019S TALK<\/a><\/div>\n<\/div>\n\n\n\n<div style=\"height:20px\" aria-hidden=\"true\" class=\"wp-block-spacer\"><\/div>\n<\/div>\n\n\n\n<div class=\"wp-block-column is-vertically-aligned-center\" style=\"flex-basis:50%\">\n<figure class=\"wp-block-image\"><img src=\"https:\/\/www.secondchance.sk\/wp-content\/themes\/neve\/assets\/img\/starter-content\/card-02.jpg\" alt=\"\" \/><\/figure>\n<\/div>\n<\/div>\n\n\n\n<div style=\"height:40px\" aria-hidden=\"true\" class=\"wp-block-spacer\"><\/div>\n<\/div><\/div>\n<\/div><\/div>\n\n\n\n<div class=\"wp-block-cover alignfull has-nv-site-bg-background-color has-background-dim\" style=\"min-height:420px\"><div class=\"wp-block-cover__inner-container\">\n<div style=\"height:80px\" aria-hidden=\"true\" class=\"wp-block-spacer\"><\/div>\n\n\n\n<div class=\"wp-block-columns\">\n<div class=\"wp-block-column ticss-4ce656f1\">\n<figure class=\"wp-block-image icon-style is-style-rounded\"><img loading=\"lazy\" src=\"https:\/\/www.secondchance.sk\/wp-content\/themes\/neve\/assets\/img\/starter-content\/icon-03.svg\" alt=\"\" width=\"48\" height=\"48\"\/><\/figure>\n\n\n\n<h3 class=\"has-text-align-left has-text-align-center has-neve-text-color-color has-text-color\">Super Efficient<\/h3>\n\n\n\n<p class=\"has-text-align-left has-neve-text-color-color has-text-color\" style=\"font-size:15px\">Lorem ipsum dolor sit amet elit do, consectetur adipiscing, sed eiusmod tempor.<\/p>\n\n\n\n<div style=\"height:20px\" aria-hidden=\"true\" class=\"wp-block-spacer\"><\/div>\n<\/div>\n\n\n\n<div class=\"wp-block-column ticss-f6fc7494\">\n<figure class=\"wp-block-image icon-style is-style-rounded\"><img loading=\"lazy\" src=\"https:\/\/www.secondchance.sk\/wp-content\/themes\/neve\/assets\/img\/starter-content\/icon-03.svg\" alt=\"\" width=\"48\" height=\"48\"\/><\/figure>\n\n\n\n<h3 class=\"has-text-align-left has-text-align-center has-neve-text-color-color has-text-color\">Deeply Committed<\/h3>\n\n\n\n<p class=\"has-text-align-left has-neve-text-color-color has-text-color\" style=\"font-size:15px\">Lorem ipsum dolor sit amet elit do, consectetur adipiscing, sed eiusmod tempor.<\/p>\n\n\n\n<div style=\"height:20px\" aria-hidden=\"true\" class=\"wp-block-spacer\"><\/div>\n<\/div>\n\n\n\n<div class=\"wp-block-column ticss-a5b4df29\">\n<figure class=\"wp-block-image icon-style is-style-rounded\"><img loading=\"lazy\" src=\"https:\/\/www.secondchance.sk\/wp-content\/themes\/neve\/assets\/img\/starter-content\/icon-03.svg\" alt=\"\" width=\"48\" height=\"48\"\/><\/figure>\n\n\n\n<h3 class=\"has-text-align-left has-text-align-center has-neve-text-color-color has-text-color\">Highly Skilled<\/h3>\n\n\n\n<p class=\"has-text-align-left has-neve-text-color-color has-text-color\" style=\"font-size:15px\">Lorem ipsum dolor sit amet elit do, consectetur adipiscing, sed eiusmod tempor.<\/p>\n\n\n\n<div style=\"height:20px\" aria-hidden=\"true\" class=\"wp-block-spacer\"><\/div>\n<\/div>\n<\/div>\n\n\n\n<div style=\"height:30px\" aria-hidden=\"true\" class=\"wp-block-spacer\"><\/div>\n<\/div><\/div>\n\n\n\n<div class=\"wp-block-cover alignfull has-nv-light-bg-background-color has-background-dim\" style=\"min-height:600px\"><div class=\"wp-block-cover__inner-container\">\n<div class=\"wp-container-8 wp-block-group\"><div class=\"wp-block-group__inner-container\">\n<div style=\"height:80px\" aria-hidden=\"true\" class=\"wp-block-spacer\"><\/div>\n\n\n\n<div class=\"wp-block-columns\">\n<div class=\"wp-block-column\">\n<div class=\"wp-block-image is-style-default\"><figure class=\"aligncenter\"><img src=\"https:\/\/www.secondchance.sk\/wp-content\/themes\/neve\/assets\/img\/starter-content\/team-01.jpg\" alt=\"\" \/><\/figure><\/div>\n\n\n\n<h3 class=\"has-text-align-center has-neve-text-color-color has-text-color\">Keith Marshall<\/h3>\n\n\n\n<p class=\"has-text-align-center has-neve-text-color-color has-text-color\">Designer<\/p>\n\n\n\n<ul class=\"wp-container-5 wp-block-social-links aligncenter\"><li class=\"wp-social-link wp-social-link-facebook wp-block-social-link\"><a href=\"#\" aria-label=\"Facebook: #\"  class=\"wp-block-social-link-anchor\"> <svg width=\"24\" height=\"24\" viewBox=\"0 0 24 24\" version=\"1.1\" xmlns=\"http:\/\/www.w3.org\/2000\/svg\" role=\"img\" aria-hidden=\"true\" focusable=\"false\"><path d=\"M12 2C6.5 2 2 6.5 2 12c0 5 3.7 9.1 8.4 9.9v-7H7.9V12h2.5V9.8c0-2.5 1.5-3.9 3.8-3.9 1.1 0 2.2.2 2.2.2v2.5h-1.3c-1.2 0-1.6.8-1.6 1.6V12h2.8l-.4 2.9h-2.3v7C18.3 21.1 22 17 22 12c0-5.5-4.5-10-10-10z\"><\/path><\/svg><\/a><\/li>\n\n<li class=\"wp-social-link wp-social-link-twitter wp-block-social-link\"><a href=\"#\" aria-label=\"Twitter: #\"  class=\"wp-block-social-link-anchor\"> <svg width=\"24\" height=\"24\" viewBox=\"0 0 24 24\" version=\"1.1\" xmlns=\"http:\/\/www.w3.org\/2000\/svg\" role=\"img\" aria-hidden=\"true\" focusable=\"false\"><path d=\"M22.23,5.924c-0.736,0.326-1.527,0.547-2.357,0.646c0.847-0.508,1.498-1.312,1.804-2.27 c-0.793,0.47-1.671,0.812-2.606,0.996C18.324,4.498,17.257,4,16.077,4c-2.266,0-4.103,1.837-4.103,4.103 c0,0.322,0.036,0.635,0.106,0.935C8.67,8.867,5.647,7.234,3.623,4.751C3.27,5.357,3.067,6.062,3.067,6.814 c0,1.424,0.724,2.679,1.825,3.415c-0.673-0.021-1.305-0.206-1.859-0.513c0,0.017,0,0.034,0,0.052c0,1.988,1.414,3.647,3.292,4.023 c-0.344,0.094-0.707,0.144-1.081,0.144c-0.264,0-0.521-0.026-0.772-0.074c0.522,1.63,2.038,2.816,3.833,2.85 c-1.404,1.1-3.174,1.756-5.096,1.756c-0.331,0-0.658-0.019-0.979-0.057c1.816,1.164,3.973,1.843,6.29,1.843 c7.547,0,11.675-6.252,11.675-11.675c0-0.178-0.004-0.355-0.012-0.531C20.985,7.47,21.68,6.747,22.23,5.924z\"><\/path><\/svg><\/a><\/li>\n\n<li class=\"wp-social-link wp-social-link-linkedin wp-block-social-link\"><a href=\"#\" aria-label=\"LinkedIn: #\"  class=\"wp-block-social-link-anchor\"> <svg width=\"24\" height=\"24\" viewBox=\"0 0 24 24\" version=\"1.1\" xmlns=\"http:\/\/www.w3.org\/2000\/svg\" role=\"img\" aria-hidden=\"true\" focusable=\"false\"><path d=\"M19.7,3H4.3C3.582,3,3,3.582,3,4.3v15.4C3,20.418,3.582,21,4.3,21h15.4c0.718,0,1.3-0.582,1.3-1.3V4.3 C21,3.582,20.418,3,19.7,3z M8.339,18.338H5.667v-8.59h2.672V18.338z M7.004,8.574c-0.857,0-1.549-0.694-1.549-1.548 c0-0.855,0.691-1.548,1.549-1.548c0.854,0,1.547,0.694,1.547,1.548C8.551,7.881,7.858,8.574,7.004,8.574z M18.339,18.338h-2.669 v-4.177c0-0.996-0.017-2.278-1.387-2.278c-1.389,0-1.601,1.086-1.601,2.206v4.249h-2.667v-8.59h2.559v1.174h0.037 c0.356-0.675,1.227-1.387,2.526-1.387c2.703,0,3.203,1.779,3.203,4.092V18.338z\"><\/path><\/svg><\/a><\/li><\/ul>\n\n\n\n<div style=\"height:40px\" aria-hidden=\"true\" class=\"wp-block-spacer\"><\/div>\n<\/div>\n\n\n\n<div class=\"wp-block-column\">\n<div class=\"wp-block-image is-style-default\"><figure class=\"aligncenter \"><img src=\"https:\/\/www.secondchance.sk\/wp-content\/themes\/neve\/assets\/img\/starter-content\/team-02.jpg\" alt=\"\"\/><\/figure><\/div>\n\n\n\n<h3 class=\"has-text-align-center has-neve-text-color-color has-text-color\">George Williams<\/h3>\n\n\n\n<p class=\"has-text-align-center has-neve-text-color-color has-text-color\">Developer<\/p>\n\n\n\n<ul class=\"wp-container-6 wp-block-social-links aligncenter\"><li class=\"wp-social-link wp-social-link-facebook wp-block-social-link\"><a href=\"#\" aria-label=\"Facebook: #\"  class=\"wp-block-social-link-anchor\"> <svg width=\"24\" height=\"24\" viewBox=\"0 0 24 24\" version=\"1.1\" xmlns=\"http:\/\/www.w3.org\/2000\/svg\" role=\"img\" aria-hidden=\"true\" focusable=\"false\"><path d=\"M12 2C6.5 2 2 6.5 2 12c0 5 3.7 9.1 8.4 9.9v-7H7.9V12h2.5V9.8c0-2.5 1.5-3.9 3.8-3.9 1.1 0 2.2.2 2.2.2v2.5h-1.3c-1.2 0-1.6.8-1.6 1.6V12h2.8l-.4 2.9h-2.3v7C18.3 21.1 22 17 22 12c0-5.5-4.5-10-10-10z\"><\/path><\/svg><\/a><\/li>\n\n<li class=\"wp-social-link wp-social-link-twitter wp-block-social-link\"><a href=\"#\" aria-label=\"Twitter: #\"  class=\"wp-block-social-link-anchor\"> <svg width=\"24\" height=\"24\" viewBox=\"0 0 24 24\" version=\"1.1\" xmlns=\"http:\/\/www.w3.org\/2000\/svg\" role=\"img\" aria-hidden=\"true\" focusable=\"false\"><path d=\"M22.23,5.924c-0.736,0.326-1.527,0.547-2.357,0.646c0.847-0.508,1.498-1.312,1.804-2.27 c-0.793,0.47-1.671,0.812-2.606,0.996C18.324,4.498,17.257,4,16.077,4c-2.266,0-4.103,1.837-4.103,4.103 c0,0.322,0.036,0.635,0.106,0.935C8.67,8.867,5.647,7.234,3.623,4.751C3.27,5.357,3.067,6.062,3.067,6.814 c0,1.424,0.724,2.679,1.825,3.415c-0.673-0.021-1.305-0.206-1.859-0.513c0,0.017,0,0.034,0,0.052c0,1.988,1.414,3.647,3.292,4.023 c-0.344,0.094-0.707,0.144-1.081,0.144c-0.264,0-0.521-0.026-0.772-0.074c0.522,1.63,2.038,2.816,3.833,2.85 c-1.404,1.1-3.174,1.756-5.096,1.756c-0.331,0-0.658-0.019-0.979-0.057c1.816,1.164,3.973,1.843,6.29,1.843 c7.547,0,11.675-6.252,11.675-11.675c0-0.178-0.004-0.355-0.012-0.531C20.985,7.47,21.68,6.747,22.23,5.924z\"><\/path><\/svg><\/a><\/li>\n\n<li class=\"wp-social-link wp-social-link-linkedin wp-block-social-link\"><a href=\"#\" aria-label=\"LinkedIn: #\"  class=\"wp-block-social-link-anchor\"> <svg width=\"24\" height=\"24\" viewBox=\"0 0 24 24\" version=\"1.1\" xmlns=\"http:\/\/www.w3.org\/2000\/svg\" role=\"img\" aria-hidden=\"true\" focusable=\"false\"><path d=\"M19.7,3H4.3C3.582,3,3,3.582,3,4.3v15.4C3,20.418,3.582,21,4.3,21h15.4c0.718,0,1.3-0.582,1.3-1.3V4.3 C21,3.582,20.418,3,19.7,3z M8.339,18.338H5.667v-8.59h2.672V18.338z M7.004,8.574c-0.857,0-1.549-0.694-1.549-1.548 c0-0.855,0.691-1.548,1.549-1.548c0.854,0,1.547,0.694,1.547,1.548C8.551,7.881,7.858,8.574,7.004,8.574z M18.339,18.338h-2.669 v-4.177c0-0.996-0.017-2.278-1.387-2.278c-1.389,0-1.601,1.086-1.601,2.206v4.249h-2.667v-8.59h2.559v1.174h0.037 c0.356-0.675,1.227-1.387,2.526-1.387c2.703,0,3.203,1.779,3.203,4.092V18.338z\"><\/path><\/svg><\/a><\/li><\/ul>\n\n\n\n<div style=\"height:40px\" aria-hidden=\"true\" class=\"wp-block-spacer\"><\/div>\n<\/div>\n\n\n\n<div class=\"wp-block-column\">\n<div class=\"wp-block-image is-style-default\"><figure class=\"aligncenter \"><img src=\"https:\/\/www.secondchance.sk\/wp-content\/themes\/neve\/assets\/img\/starter-content\/team-03.jpg\" alt=\"\" \/><\/figure><\/div>\n\n\n\n<h3 class=\"has-text-align-center has-neve-text-color-color has-text-color\">Julia Castillo<\/h3>\n\n\n\n<p class=\"has-text-align-center has-neve-text-color-color has-text-color\">Client Service<\/p>\n\n\n\n<ul class=\"wp-container-7 wp-block-social-links aligncenter\"><li class=\"wp-social-link wp-social-link-facebook wp-block-social-link\"><a href=\"#\" aria-label=\"Facebook: #\"  class=\"wp-block-social-link-anchor\"> <svg width=\"24\" height=\"24\" viewBox=\"0 0 24 24\" version=\"1.1\" xmlns=\"http:\/\/www.w3.org\/2000\/svg\" role=\"img\" aria-hidden=\"true\" focusable=\"false\"><path d=\"M12 2C6.5 2 2 6.5 2 12c0 5 3.7 9.1 8.4 9.9v-7H7.9V12h2.5V9.8c0-2.5 1.5-3.9 3.8-3.9 1.1 0 2.2.2 2.2.2v2.5h-1.3c-1.2 0-1.6.8-1.6 1.6V12h2.8l-.4 2.9h-2.3v7C18.3 21.1 22 17 22 12c0-5.5-4.5-10-10-10z\"><\/path><\/svg><\/a><\/li>\n\n<li class=\"wp-social-link wp-social-link-twitter wp-block-social-link\"><a href=\"#\" aria-label=\"Twitter: #\"  class=\"wp-block-social-link-anchor\"> <svg width=\"24\" height=\"24\" viewBox=\"0 0 24 24\" version=\"1.1\" xmlns=\"http:\/\/www.w3.org\/2000\/svg\" role=\"img\" aria-hidden=\"true\" focusable=\"false\"><path d=\"M22.23,5.924c-0.736,0.326-1.527,0.547-2.357,0.646c0.847-0.508,1.498-1.312,1.804-2.27 c-0.793,0.47-1.671,0.812-2.606,0.996C18.324,4.498,17.257,4,16.077,4c-2.266,0-4.103,1.837-4.103,4.103 c0,0.322,0.036,0.635,0.106,0.935C8.67,8.867,5.647,7.234,3.623,4.751C3.27,5.357,3.067,6.062,3.067,6.814 c0,1.424,0.724,2.679,1.825,3.415c-0.673-0.021-1.305-0.206-1.859-0.513c0,0.017,0,0.034,0,0.052c0,1.988,1.414,3.647,3.292,4.023 c-0.344,0.094-0.707,0.144-1.081,0.144c-0.264,0-0.521-0.026-0.772-0.074c0.522,1.63,2.038,2.816,3.833,2.85 c-1.404,1.1-3.174,1.756-5.096,1.756c-0.331,0-0.658-0.019-0.979-0.057c1.816,1.164,3.973,1.843,6.29,1.843 c7.547,0,11.675-6.252,11.675-11.675c0-0.178-0.004-0.355-0.012-0.531C20.985,7.47,21.68,6.747,22.23,5.924z\"><\/path><\/svg><\/a><\/li>\n\n<li class=\"wp-social-link wp-social-link-linkedin wp-block-social-link\"><a href=\"#\" aria-label=\"LinkedIn: #\"  class=\"wp-block-social-link-anchor\"> <svg width=\"24\" height=\"24\" viewBox=\"0 0 24 24\" version=\"1.1\" xmlns=\"http:\/\/www.w3.org\/2000\/svg\" role=\"img\" aria-hidden=\"true\" focusable=\"false\"><path d=\"M19.7,3H4.3C3.582,3,3,3.582,3,4.3v15.4C3,20.418,3.582,21,4.3,21h15.4c0.718,0,1.3-0.582,1.3-1.3V4.3 C21,3.582,20.418,3,19.7,3z M8.339,18.338H5.667v-8.59h2.672V18.338z M7.004,8.574c-0.857,0-1.549-0.694-1.549-1.548 c0-0.855,0.691-1.548,1.549-1.548c0.854,0,1.547,0.694,1.547,1.548C8.551,7.881,7.858,8.574,7.004,8.574z M18.339,18.338h-2.669 v-4.177c0-0.996-0.017-2.278-1.387-2.278c-1.389,0-1.601,1.086-1.601,2.206v4.249h-2.667v-8.59h2.559v1.174h0.037 c0.356-0.675,1.227-1.387,2.526-1.387c2.703,0,3.203,1.779,3.203,4.092V18.338z\"><\/path><\/svg><\/a><\/li><\/ul>\n\n\n\n<div style=\"height:40px\" aria-hidden=\"true\" class=\"wp-block-spacer\"><\/div>\n<\/div>\n<\/div>\n\n\n\n<div style=\"height:40px\" aria-hidden=\"true\" class=\"wp-block-spacer\"><\/div>\n<\/div><\/div>\n<\/div><\/div>\n","protected":false},"excerpt":{"rendered":"","protected":false},"author":1,"featured_media":0,"parent":0,"menu_order":0,"comment_status":"closed","ping_status":"closed","template":"","meta":{"_monsterinsights_skip_tracking":false,"_monsterinsights_sitenote_active":false,"_monsterinsights_sitenote_note":"","_monsterinsights_sitenote_category":0,"neve_meta_sidebar":"","neve_meta_container":"","neve_meta_enable_content_width":"on","neve_meta_content_width":100,"neve_meta_title_alignment":"","neve_meta_author_avatar":"","neve_post_elements_order":"","neve_meta_disable_header":"","neve_meta_disable_footer":"","neve_meta_disable_title":"on"},"yoast_head":"<!-- This site is optimized with the Yoast SEO plugin v18.8 - https:\/\/yoast.com\/wordpress\/plugins\/seo\/ -->\n<title>About - Web Agency Demo 1<\/title>\n<meta name=\"robots\" content=\"index, follow, max-snippet:-1, max-image-preview:large, max-video-preview:-1\" \/>\n<link rel=\"canonical\" href=\"https:\/\/www.secondchance.sk\/?page_id=7\" \/>\n<meta property=\"og:locale\" content=\"sk_SK\" \/>\n<meta property=\"og:type\" content=\"article\" \/>\n<meta property=\"og:title\" content=\"About - Web Agency Demo 1\" \/>\n<meta property=\"og:url\" content=\"https:\/\/www.secondchance.sk\/?page_id=7\" \/>\n<meta property=\"og:site_name\" content=\"Web Agency Demo 1\" \/>\n<meta property=\"og:image\" content=\"https:\/\/www.secondchance.sk\/wp-content\/themes\/neve\/assets\/img\/starter-content\/card-06.jpg\" \/>\n<meta name=\"twitter:card\" content=\"summary_large_image\" \/>\n<meta name=\"twitter:label1\" content=\"Predpokladan\u00fd \u010das \u010d\u00edtania\" \/>\n\t<meta name=\"twitter:data1\" content=\"1 min\u00fata\" \/>\n<script type=\"application\/ld+json\" class=\"yoast-schema-graph\">{\"@context\":\"https:\/\/schema.org\",\"@graph\":[{\"@type\":\"WebSite\",\"@id\":\"https:\/\/www.secondchance.sk\/#website\",\"url\":\"https:\/\/www.secondchance.sk\/\",\"name\":\"Web Agency Demo 1\",\"description\":\"Len \u010fal\u0161ia WordPress str\u00e1nka\",\"potentialAction\":[{\"@type\":\"SearchAction\",\"target\":{\"@type\":\"EntryPoint\",\"urlTemplate\":\"https:\/\/www.secondchance.sk\/?s={search_term_string}\"},\"query-input\":\"required name=search_term_string\"}],\"inLanguage\":\"sk-SK\"},{\"@type\":\"ImageObject\",\"inLanguage\":\"sk-SK\",\"@id\":\"https:\/\/www.secondchance.sk\/?page_id=7#primaryimage\",\"url\":\"https:\/\/www.secondchance.sk\/wp-content\/themes\/neve\/assets\/img\/starter-content\/card-06.jpg\",\"contentUrl\":\"https:\/\/www.secondchance.sk\/wp-content\/themes\/neve\/assets\/img\/starter-content\/card-06.jpg\"},{\"@type\":\"WebPage\",\"@id\":\"https:\/\/www.secondchance.sk\/?page_id=7#webpage\",\"url\":\"https:\/\/www.secondchance.sk\/?page_id=7\",\"name\":\"About - Web Agency Demo 1\",\"isPartOf\":{\"@id\":\"https:\/\/www.secondchance.sk\/#website\"},\"primaryImageOfPage\":{\"@id\":\"https:\/\/www.secondchance.sk\/?page_id=7#primaryimage\"},\"datePublished\":\"2022-05-16T19:13:16+00:00\",\"dateModified\":\"2022-05-16T19:13:16+00:00\",\"breadcrumb\":{\"@id\":\"https:\/\/www.secondchance.sk\/?page_id=7#breadcrumb\"},\"inLanguage\":\"sk-SK\",\"potentialAction\":[{\"@type\":\"ReadAction\",\"target\":[\"https:\/\/www.secondchance.sk\/?page_id=7\"]}]},{\"@type\":\"BreadcrumbList\",\"@id\":\"https:\/\/www.secondchance.sk\/?page_id=7#breadcrumb\",\"itemListElement\":[{\"@type\":\"ListItem\",\"position\":1,\"name\":\"Home\",\"item\":\"https:\/\/www.secondchance.sk\/?page_id=6\"},{\"@type\":\"ListItem\",\"position\":2,\"name\":\"About\"}]}]}<\/script>\n<!-- \/ Yoast SEO plugin. -->","yoast_head_json":{"title":"About - Web Agency Demo 1","robots":{"index":"index","follow":"follow","max-snippet":"max-snippet:-1","max-image-preview":"max-image-preview:large","max-video-preview":"max-video-preview:-1"},"canonical":"https:\/\/www.secondchance.sk\/?page_id=7","og_locale":"sk_SK","og_type":"article","og_title":"About - Web Agency Demo 1","og_url":"https:\/\/www.secondchance.sk\/?page_id=7","og_site_name":"Web Agency Demo 1","og_image":[{"url":"https:\/\/www.secondchance.sk\/wp-content\/themes\/neve\/assets\/img\/starter-content\/card-06.jpg"}],"twitter_card":"summary_large_image","twitter_misc":{"Predpokladan\u00fd \u010das \u010d\u00edtania":"1 min\u00fata"},"schema":{"@context":"https:\/\/schema.org","@graph":[{"@type":"WebSite","@id":"https:\/\/www.secondchance.sk\/#website","url":"https:\/\/www.secondchance.sk\/","name":"Web Agency Demo 1","description":"Len \u010fal\u0161ia WordPress str\u00e1nka","potentialAction":[{"@type":"SearchAction","target":{"@type":"EntryPoint","urlTemplate":"https:\/\/www.secondchance.sk\/?s={search_term_string}"},"query-input":"required name=search_term_string"}],"inLanguage":"sk-SK"},{"@type":"ImageObject","inLanguage":"sk-SK","@id":"https:\/\/www.secondchance.sk\/?page_id=7#primaryimage","url":"https:\/\/www.secondchance.sk\/wp-content\/themes\/neve\/assets\/img\/starter-content\/card-06.jpg","contentUrl":"https:\/\/www.secondchance.sk\/wp-content\/themes\/neve\/assets\/img\/starter-content\/card-06.jpg"},{"@type":"WebPage","@id":"https:\/\/www.secondchance.sk\/?page_id=7#webpage","url":"https:\/\/www.secondchance.sk\/?page_id=7","name":"About - Web Agency Demo 1","isPartOf":{"@id":"https:\/\/www.secondchance.sk\/#website"},"primaryImageOfPage":{"@id":"https:\/\/www.secondchance.sk\/?page_id=7#primaryimage"},"datePublished":"2022-05-16T19:13:16+00:00","dateModified":"2022-05-16T19:13:16+00:00","breadcrumb":{"@id":"https:\/\/www.secondchance.sk\/?page_id=7#breadcrumb"},"inLanguage":"sk-SK","potentialAction":[{"@type":"ReadAction","target":["https:\/\/www.secondchance.sk\/?page_id=7"]}]},{"@type":"BreadcrumbList","@id":"https:\/\/www.secondchance.sk\/?page_id=7#breadcrumb","itemListElement":[{"@type":"ListItem","position":1,"name":"Home","item":"https:\/\/www.secondchance.sk\/?page_id=6"},{"@type":"ListItem","position":2,"name":"About"}]}]}},"_links":{"self":[{"href":"https:\/\/www.secondchance.sk\/index.php?rest_route=\/wp\/v2\/pages\/7"}],"collection":[{"href":"https:\/\/www.secondchance.sk\/index.php?rest_route=\/wp\/v2\/pages"}],"about":[{"href":"https:\/\/www.secondchance.sk\/index.php?rest_route=\/wp\/v2\/types\/page"}],"author":[{"embeddable":true,"href":"https:\/\/www.secondchance.sk\/index.php?rest_route=\/wp\/v2\/users\/1"}],"replies":[{"embeddable":true,"href":"https:\/\/www.secondchance.sk\/index.php?rest_route=%2Fwp%2Fv2%2Fcomments&post=7"}],"version-history":[{"count":1,"href":"https:\/\/www.secondchance.sk\/index.php?rest_route=\/wp\/v2\/pages\/7\/revisions"}],"predecessor-version":[{"id":14,"href":"https:\/\/www.secondchance.sk\/index.php?rest_route=\/wp\/v2\/pages\/7\/revisions\/14"}],"wp:attachment":[{"href":"https:\/\/www.secondchance.sk\/index.php?rest_route=%2Fwp%2Fv2%2Fmedia&parent=7"}],"curies":[{"name":"wp","href":"https:\/\/api.w.org\/{rel}","templated":true}]}}